{"id":1101,"date":"2024-05-28T11:41:14","date_gmt":"2024-05-28T09:41:14","guid":{"rendered":"https:\/\/wsop.com.pl\/?page_id=1101"},"modified":"2024-05-28T12:12:05","modified_gmt":"2024-05-28T10:12:05","slug":"nieruchomosci-na-sprzedaz","status":"publish","type":"page","link":"https:\/\/wsop.com.pl\/index.php\/nieruchomosci-na-sprzedaz\/","title":{"rendered":"Nieruchomo\u015bci na sprzeda\u017c"},"content":{"rendered":"\t\t<div data-elementor-type=\"wp-page\" data-elementor-id=\"1101\" class=\"elementor elementor-1101\" data-elementor-post-type=\"page\">\n\t\t\t\t\t\t<section class=\"elementor-section elementor-top-section elementor-element elementor-element-976acd0 elementor-section-boxed elementor-section-height-default elementor-section-height-default\" data-id=\"976acd0\" data-element_type=\"section\" data-e-type=\"section\">\n\t\t\t\t\t\t<div class=\"elementor-container elementor-column-gap-default\">\n\t\t\t\t\t<div class=\"elementor-column elementor-col-100 elementor-top-column elementor-element elementor-element-36df67f\" data-id=\"36df67f\" data-element_type=\"column\" data-e-type=\"column\">\n\t\t\t<div class=\"elementor-widget-wrap elementor-element-populated\">\n\t\t\t\t\t\t<div class=\"elementor-element elementor-element-2035c54 elementor-widget elementor-widget-heading\" data-id=\"2035c54\" data-element_type=\"widget\" data-e-type=\"widget\" data-widget_type=\"heading.default\">\n\t\t\t\t<div class=\"elementor-widget-container\">\n\t\t\t\t\t<h1 class=\"elementor-heading-title elementor-size-default\"><p class=\"MsoNormal\" align=\"center\"><b><span style=\"font-size:22.0pt;line-height:107%\">Wojew\u00f3dzka Sp\u00f3\u0142dzielnia Ogrodniczo \u2013\nPszczelarska w Cz\u0119stochowie, ul. Radomska 53 42-221 Cz\u0119stochowa oferuje do\nsprzeda\u017cy nieruchomo\u015bci zabudowane:<\/span><\/b><\/p>\n\n<\/h1>\t\t\t\t<\/div>\n\t\t\t\t<\/div>\n\t\t\t\t\t<\/div>\n\t\t<\/div>\n\t\t\t\t\t<\/div>\n\t\t<\/section>\n\t\t\t\t<section class=\"elementor-section elementor-top-section elementor-element elementor-element-d297796 elementor-section-boxed elementor-section-height-default elementor-section-height-default\" data-id=\"d297796\" data-element_type=\"section\" data-e-type=\"section\">\n\t\t\t\t\t\t<div class=\"elementor-container elementor-column-gap-default\">\n\t\t\t\t\t<div class=\"elementor-column elementor-col-100 elementor-top-column elementor-element elementor-element-b7892cb\" data-id=\"b7892cb\" data-element_type=\"column\" data-e-type=\"column\">\n\t\t\t<div class=\"elementor-widget-wrap elementor-element-populated\">\n\t\t\t\t\t\t<div class=\"elementor-element elementor-element-cb005e2 elementor-widget-divider--view-line elementor-widget elementor-widget-divider\" data-id=\"cb005e2\" data-element_type=\"widget\" data-e-type=\"widget\" data-widget_type=\"divider.default\">\n\t\t\t\t<div class=\"elementor-widget-container\">\n\t\t\t\t\t\t\t<div class=\"elementor-divider\">\n\t\t\t<span class=\"elementor-divider-separator\">\n\t\t\t\t\t\t<\/span>\n\t\t<\/div>\n\t\t\t\t\t\t<\/div>\n\t\t\t\t<\/div>\n\t\t\t\t<div class=\"elementor-element elementor-element-c32a7d9 elementor-widget elementor-widget-text-editor\" data-id=\"c32a7d9\" data-element_type=\"widget\" data-e-type=\"widget\" data-widget_type=\"text-editor.default\">\n\t\t\t\t<div class=\"elementor-widget-container\">\n\t\t\t\t\t\t\t\t\t<p style=\"text-align: center;\"><strong>Nieruchomo\u015b\u0107 zabudowana przy ul. 1Maja 4 (blisko centrum miasta),<\/strong><\/p>\t\t\t\t\t\t\t\t<\/div>\n\t\t\t\t<\/div>\n\t\t\t\t<div class=\"elementor-element elementor-element-1b503b8 elementor-widget elementor-widget-text-editor\" data-id=\"1b503b8\" data-element_type=\"widget\" data-e-type=\"widget\" data-widget_type=\"text-editor.default\">\n\t\t\t\t<div class=\"elementor-widget-container\">\n\t\t\t\t\t\t\t\t\t<p class=\"MsoNormal\" style=\"margin-bottom: 0cm; text-align: center;\">sk\u0142adaj\u0105ca si\u0119 z dzia\u0142ek nr nr 17\/5 (w\u0142asno\u015b\u0107) i 17\/6 (prawo wieczystego u\u017cytkowania), k.m. 238, o \u0142\u0105cznej pow. 0,3073 ha. Nieruchomo\u015b\u0107 jest zabudowana: 2-kondygnacyjnym budynkiem us\u0142ugowo-biurowym o pow u\u017cytk. 543 m2, magazynami murowanymi o \u0142\u0105cznej pow. u\u017cytk. 492m2, magazynami o konstr. stalowej i \u0142\u0105cznej pow. u\u017cytk. 505m2 KW nr nr CZ1C \/00138937\/5\u00a0 \u00a0i\u00a0 \u00a0CZ1C\/00077736\/0.<\/p><p class=\"MsoNormal\" style=\"margin-bottom: 0cm;\">Warto\u015b\u0107 oszacowania: 1.842.000 z\u0142.<\/p>\t\t\t\t\t\t\t\t<\/div>\n\t\t\t\t<\/div>\n\t\t\t\t<div class=\"elementor-element elementor-element-e17955e elementor-widget-divider--view-line elementor-widget elementor-widget-divider\" data-id=\"e17955e\" data-element_type=\"widget\" data-e-type=\"widget\" data-widget_type=\"divider.default\">\n\t\t\t\t<div class=\"elementor-widget-container\">\n\t\t\t\t\t\t\t<div class=\"elementor-divider\">\n\t\t\t<span class=\"elementor-divider-separator\">\n\t\t\t\t\t\t<\/span>\n\t\t<\/div>\n\t\t\t\t\t\t<\/div>\n\t\t\t\t<\/div>\n\t\t\t\t\t<\/div>\n\t\t<\/div>\n\t\t\t\t\t<\/div>\n\t\t<\/section>\n\t\t\t\t<section class=\"elementor-section elementor-top-section elementor-element elementor-element-35865ad elementor-section-boxed elementor-section-height-default elementor-section-height-default\" data-id=\"35865ad\" data-element_type=\"section\" data-e-type=\"section\">\n\t\t\t\t\t\t<div class=\"elementor-container elementor-column-gap-default\">\n\t\t\t\t\t<div class=\"elementor-column elementor-col-100 elementor-top-column elementor-element elementor-element-008c2a8\" data-id=\"008c2a8\" data-element_type=\"column\" data-e-type=\"column\">\n\t\t\t<div class=\"elementor-widget-wrap\">\n\t\t\t\t\t\t\t<\/div>\n\t\t<\/div>\n\t\t\t\t\t<\/div>\n\t\t<\/section>\n\t\t\t\t<section class=\"elementor-section elementor-top-section elementor-element elementor-element-b1d0df6 elementor-section-boxed elementor-section-height-default elementor-section-height-default\" data-id=\"b1d0df6\" data-element_type=\"section\" data-e-type=\"section\">\n\t\t\t\t\t\t<div class=\"elementor-container elementor-column-gap-default\">\n\t\t\t\t\t<div class=\"elementor-column elementor-col-100 elementor-top-column elementor-element elementor-element-dc40862\" data-id=\"dc40862\" data-element_type=\"column\" data-e-type=\"column\">\n\t\t\t<div class=\"elementor-widget-wrap elementor-element-populated\">\n\t\t\t\t\t\t<div class=\"elementor-element elementor-element-b31eb57 elementor-widget elementor-widget-spacer\" data-id=\"b31eb57\" data-element_type=\"widget\" data-e-type=\"widget\" data-widget_type=\"spacer.default\">\n\t\t\t\t<div class=\"elementor-widget-container\">\n\t\t\t\t\t\t\t<div class=\"elementor-spacer\">\n\t\t\t<div class=\"elementor-spacer-inner\"><\/div>\n\t\t<\/div>\n\t\t\t\t\t\t<\/div>\n\t\t\t\t<\/div>\n\t\t\t\t\t<\/div>\n\t\t<\/div>\n\t\t\t\t\t<\/div>\n\t\t<\/section>\n\t\t\t\t<\/div>\n\t\t","protected":false},"excerpt":{"rendered":"<p>Wojew\u00f3dzka Sp\u00f3\u0142dzielnia Ogrodniczo \u2013 Pszczelarska w Cz\u0119stochowie, ul. Radomska 53 42-221 Cz\u0119stochowa oferuje do sprzeda\u017cy nieruchomo\u015bci zabudowane: Nieruchomo\u015b\u0107 zabudowana przy ul. 1Maja 4 (blisko centrum miasta), sk\u0142adaj\u0105ca si\u0119 z dzia\u0142ek nr nr 17\/5 (w\u0142asno\u015b\u0107) i 17\/6 (prawo wieczystego u\u017cytkowania), k.m. 238, o \u0142\u0105cznej pow. 0,3073 ha. Nieruchomo\u015b\u0107 jest zabudowana: 2-kondygnacyjnym budynkiem us\u0142ugowo-biurowym o pow u\u017cytk&#8230;.<\/p>\n","protected":false},"author":2,"featured_media":0,"parent":0,"menu_order":0,"comment_status":"closed","ping_status":"closed","template":"","meta":{"_kad_post_transparent":"","_kad_post_title":"hide","_kad_post_layout":"fullwidth","_kad_post_sidebar_id":"","_kad_post_content_style":"unboxed","_kad_post_vertical_padding":"hide","_kad_post_feature":"hide","_kad_post_feature_position":"","_kad_post_header":false,"_kad_post_footer":false,"footnotes":""},"class_list":["post-1101","page","type-page","status-publish","hentry"],"_links":{"self":[{"href":"https:\/\/wsop.com.pl\/index.php\/wp-json\/wp\/v2\/pages\/1101","targetHints":{"allow":["GET"]}}],"collection":[{"href":"https:\/\/wsop.com.pl\/index.php\/wp-json\/wp\/v2\/pages"}],"about":[{"href":"https:\/\/wsop.com.pl\/index.php\/wp-json\/wp\/v2\/types\/page"}],"author":[{"embeddable":true,"href":"https:\/\/wsop.com.pl\/index.php\/wp-json\/wp\/v2\/users\/2"}],"replies":[{"embeddable":true,"href":"https:\/\/wsop.com.pl\/index.php\/wp-json\/wp\/v2\/comments?post=1101"}],"version-history":[{"count":44,"href":"https:\/\/wsop.com.pl\/index.php\/wp-json\/wp\/v2\/pages\/1101\/revisions"}],"predecessor-version":[{"id":1146,"href":"https:\/\/wsop.com.pl\/index.php\/wp-json\/wp\/v2\/pages\/1101\/revisions\/1146"}],"wp:attachment":[{"href":"https:\/\/wsop.com.pl\/index.php\/wp-json\/wp\/v2\/media?parent=1101"}],"curies":[{"name":"wp","href":"https:\/\/api.w.org\/{rel}","templated":true}]}}