{"id":181,"date":"2022-10-18T13:46:48","date_gmt":"2022-10-18T11:46:48","guid":{"rendered":"https:\/\/wsop.com.pl\/?page_id=181"},"modified":"2025-01-30T16:47:39","modified_gmt":"2025-01-30T15:47:39","slug":"stawki-czynszow-na-gieldzie-kwiatow-obowiazujace-od-01-10-2022r","status":"publish","type":"page","link":"https:\/\/wsop.com.pl\/index.php\/stawki-czynszow-na-gieldzie-kwiatow-obowiazujace-od-01-10-2022r\/","title":{"rendered":"STAWKI CZYNSZ\u00d3W NA GIE\u0141DZIE KWIAT\u00d3W OBOWI\u0104ZUJ\u0104CE OD 01.10.2022r."},"content":{"rendered":"\t\t<div data-elementor-type=\"wp-page\" data-elementor-id=\"181\" class=\"elementor elementor-181\" data-elementor-post-type=\"page\">\n\t\t\t\t\t\t<section class=\"elementor-section elementor-top-section elementor-element elementor-element-6b8d5e51 elementor-section-boxed elementor-section-height-default elementor-section-height-default\" data-id=\"6b8d5e51\" data-element_type=\"section\" data-e-type=\"section\">\n\t\t\t\t\t\t<div class=\"elementor-container elementor-column-gap-default\">\n\t\t\t\t\t<div class=\"elementor-column elementor-col-100 elementor-top-column elementor-element elementor-element-5af9f0d5\" data-id=\"5af9f0d5\" data-element_type=\"column\" data-e-type=\"column\">\n\t\t\t<div class=\"elementor-widget-wrap elementor-element-populated\">\n\t\t\t\t\t\t<div class=\"elementor-element elementor-element-198f58f elementor-invisible elementor-widget elementor-widget-heading\" data-id=\"198f58f\" data-element_type=\"widget\" data-e-type=\"widget\" data-settings=\"{&quot;_animation&quot;:&quot;zoomIn&quot;}\" data-widget_type=\"heading.default\">\n\t\t\t\t<div class=\"elementor-widget-container\">\n\t\t\t\t\t<h2 class=\"elementor-heading-title elementor-size-default\">Cennik powierzchni handlowych obowi\u0105zuj\u0105cy na gie\u0142dzie kwiat\u00f3w w Cz\u0119stochowie.<\/h2>\t\t\t\t<\/div>\n\t\t\t\t<\/div>\n\t\t\t\t<div class=\"elementor-element elementor-element-50e2184d elementor-invisible elementor-widget elementor-widget-text-editor\" data-id=\"50e2184d\" data-element_type=\"widget\" data-e-type=\"widget\" data-settings=\"{&quot;_animation&quot;:&quot;zoomIn&quot;}\" data-widget_type=\"text-editor.default\">\n\t\t\t\t<div class=\"elementor-widget-container\">\n\t\t\t\t\t\t\t\t\t<figure class=\"wp-block-table\">\n<table>\n<tbody>\n<tr>\n<td class=\"has-text-align-left\" data-align=\"left\"><b>Stanowisko<\/b><\/td>\n<td class=\"has-text-align-center\" data-align=\"center\"><b>Umowy sta\u0142e<\/b><\/td>\n<td class=\"has-text-align-center\" data-align=\"center\"><b>Umowy okresowe<\/b><\/td>\n<\/tr>\n<tr>\n<td class=\"has-text-align-left\" data-align=\"left\">Zadaszone<\/td>\n<td class=\"has-text-align-center\" data-align=\"center\">313 z\u0142<\/td>\n<td class=\"has-text-align-center\" data-align=\"center\">564 z\u0142<\/td>\n<\/tr>\n<tr>\n<td class=\"has-text-align-left\" data-align=\"left\">Odkryte<\/td>\n<td class=\"has-text-align-center\" data-align=\"center\">230 z\u0142<\/td>\n<td class=\"has-text-align-center\" data-align=\"center\">366 z\u0142<\/td>\n<\/tr>\n<tr>\n<td class=\"has-text-align-left\" data-align=\"left\">Du\u017ce<\/td>\n<td class=\"has-text-align-center\" data-align=\"center\">311 z\u0142<\/td>\n<td class=\"has-text-align-center\" data-align=\"center\">509 z\u0142<\/td>\n<\/tr>\n<tr>\n<td class=\"has-text-align-left\" data-align=\"left\">Du\u017ce &#8211; kostka<\/td>\n<td class=\"has-text-align-center\" data-align=\"center\">311 z\u0142<\/td>\n<td class=\"has-text-align-center\" data-align=\"center\">611 z\u0142<\/td>\n<\/tr>\n<tr>\n<td class=\"has-text-align-left\" data-align=\"left\">Namioty<\/td>\n<td class=\"has-text-align-center\" data-align=\"center\">370 z\u0142<\/td>\n<td class=\"has-text-align-center\" data-align=\"center\">\u00a0<\/td>\n<\/tr>\n<\/tbody>\n<\/table>\n<p><span style=\"color: var(--global-palette5); font-size: 13.6px; text-align: center; background-color: transparent; font-family: var(--global-body-font-family); letter-spacing: 0px;\">*Ceny zawieraj\u0105 podatek VAT<\/span><\/p>\n<\/figure>\n<p><!-- \/wp:table --><\/p>\t\t\t\t\t\t\t\t<\/div>\n\t\t\t\t<\/div>\n\t\t\t\t\t<\/div>\n\t\t<\/div>\n\t\t\t\t\t<\/div>\n\t\t<\/section>\n\t\t\t\t<\/div>\n\t\t","protected":false},"excerpt":{"rendered":"<p>Cennik powierzchni handlowych obowi\u0105zuj\u0105cy na gie\u0142dzie kwiat\u00f3w w Cz\u0119stochowie. Stanowisko Umowy sta\u0142e Umowy okresowe Zadaszone 313 z\u0142 564 z\u0142 Odkryte 230 z\u0142 366 z\u0142 Du\u017ce 311 z\u0142 509 z\u0142 Du\u017ce &#8211; kostka 311 z\u0142 611 z\u0142 Namioty 370 z\u0142 \u00a0 *Ceny zawieraj\u0105 podatek VAT<\/p>\n","protected":false},"author":2,"featured_media":0,"parent":0,"menu_order":0,"comment_status":"closed","ping_status":"closed","template":"elementor_header_footer","meta":{"_kad_post_transparent":"","_kad_post_title":"hide","_kad_post_layout":"fullwidth","_kad_post_sidebar_id":"","_kad_post_content_style":"unboxed","_kad_post_vertical_padding":"hide","_kad_post_feature":"hide","_kad_post_feature_position":"","_kad_post_header":false,"_kad_post_footer":false,"footnotes":""},"class_list":["post-181","page","type-page","status-publish","hentry"],"_links":{"self":[{"href":"https:\/\/wsop.com.pl\/index.php\/wp-json\/wp\/v2\/pages\/181","targetHints":{"allow":["GET"]}}],"collection":[{"href":"https:\/\/wsop.com.pl\/index.php\/wp-json\/wp\/v2\/pages"}],"about":[{"href":"https:\/\/wsop.com.pl\/index.php\/wp-json\/wp\/v2\/types\/page"}],"author":[{"embeddable":true,"href":"https:\/\/wsop.com.pl\/index.php\/wp-json\/wp\/v2\/users\/2"}],"replies":[{"embeddable":true,"href":"https:\/\/wsop.com.pl\/index.php\/wp-json\/wp\/v2\/comments?post=181"}],"version-history":[{"count":16,"href":"https:\/\/wsop.com.pl\/index.php\/wp-json\/wp\/v2\/pages\/181\/revisions"}],"predecessor-version":[{"id":1420,"href":"https:\/\/wsop.com.pl\/index.php\/wp-json\/wp\/v2\/pages\/181\/revisions\/1420"}],"wp:attachment":[{"href":"https:\/\/wsop.com.pl\/index.php\/wp-json\/wp\/v2\/media?parent=181"}],"curies":[{"name":"wp","href":"https:\/\/api.w.org\/{rel}","templated":true}]}}