{"id":374,"date":"2022-10-20T15:15:13","date_gmt":"2022-10-20T13:15:13","guid":{"rendered":"https:\/\/wsop.com.pl\/?page_id=374"},"modified":"2023-05-25T13:58:54","modified_gmt":"2023-05-25T11:58:54","slug":"przepisy-dla-sprzedawcow","status":"publish","type":"page","link":"https:\/\/wsop.com.pl\/index.php\/przepisy-dla-sprzedawcow\/","title":{"rendered":"Regulamin &#8211; dla sprzedawc\u00f3w"},"content":{"rendered":"\t\t<div data-elementor-type=\"wp-page\" data-elementor-id=\"374\" class=\"elementor elementor-374\" data-elementor-post-type=\"page\">\n\t\t\t\t\t\t<section class=\"elementor-section elementor-top-section elementor-element elementor-element-e927636 elementor-section-boxed elementor-section-height-default elementor-section-height-default\" data-id=\"e927636\" data-element_type=\"section\" data-e-type=\"section\">\n\t\t\t\t\t\t<div class=\"elementor-container elementor-column-gap-default\">\n\t\t\t\t\t<div class=\"elementor-column elementor-col-100 elementor-top-column elementor-element elementor-element-581c734d\" data-id=\"581c734d\" data-element_type=\"column\" data-e-type=\"column\">\n\t\t\t<div class=\"elementor-widget-wrap elementor-element-populated\">\n\t\t\t\t\t\t<div class=\"elementor-element elementor-element-536bd6db elementor-widget elementor-widget-text-editor\" data-id=\"536bd6db\" data-element_type=\"widget\" data-e-type=\"widget\" data-widget_type=\"text-editor.default\">\n\t\t\t\t<div class=\"elementor-widget-container\">\n\t\t\t\t\t\t\t\t\t<p>1. Ka\u017cdy sprzedawca, kt\u00f3ry um\u00f3wi\u0142 si\u0119 z w\u0142a\u015bcicielem na korzystanie z placu gie\u0142dy (zawar\u0142 umow\u0119 najmu lub -w przypadku sprzedawc\u00f3w sezonowych \u2013 zap\u0142aci\u0142 faktur\u0119 VAT) zobowi\u0105zany jest do zakupu od w\u0142a\u015bciciela elektronicznej karty wjazdu.<\/p>\n<p>2. Zapora wjazdowa (szlaban) jest uruchamiana kart\u0105.<\/p>\n<p>3. Karta umo\u017cliwia wjazd na plac gie\u0142dy w okresie za kt\u00f3ry dokonano op\u0142aty.<\/p>\n<p>4. Jednorazowo (bez karty) na plac gie\u0142dy sprzedawca mo\u017ce wjecha\u0107 wy\u0142\u0105cznie bram\u0105 nr 2 ( \u015brodkow\u0105) po dokonaniu stosownej op\u0142aty ( na podstawie cennika ).<\/p>\n<p>5. W dni funkcjonowania gie\u0142dy plac jest zamkni\u0119ty od p\u00f3\u0142nocy (godz. 0.00) do godz. 3.00 (w sezonie letnim) lub 4.00 (w sezonie zimowym). Oznacza to, \u017ce sprzedawcy mog\u0105 wjecha\u0107 na plac gie\u0142dy p\u00f3\u0142 godziny przed jej otwarciem okre\u015blonym w pkt I\/6.<\/p>\n<p>6. Sprzedawc\u00f3w obowi\u0105zuje zasada:&nbsp; ka\u017cdemu przedmiotowi najmu przyporz\u0105dkowana jest jedna karta. W przypadku, gdy sprzedawca ma potrzeb\u0119 wjazdu do jednego przedmiotu najmu dwoma samochodami, wykupuje dodatkow\u0105 kart\u0119 (kaucja plus op\u0142ata zgodnie z cennikiem).<\/p>\n<p>7. Sprzedawcom \u2013 u\u017cytkownikom pawilon\u00f3w zabrania si\u0119 parkowania samochod\u00f3w w obr\u0119bie ci\u0105g\u00f3w komunikacyjnych ( drogi wewn\u0119trzne, przej\u015bcia).<\/p>\n<p>8. Zabrania si\u0119 sprzedawcom parkowania samochod\u00f3w na zewn\u0119trznej zatoce parkingowej ( ul. Radomska). Te miejsca parkingowe przeznaczone <br>s\u0105 wy\u0142\u0105cznie dla klient\u00f3w.<\/p>\n<p>9. Najmowane miejsce sprzeda\u017cy nie zaj\u0119te w danym dniu gie\u0142dowym przez Najemc\u0119 do godz. 6.00 mo\u017ce by\u0107 w tym samym dniu udost\u0119pnione innemu sprzedawcy.<\/p>\n<p>10. Zamiar przerwy w korzystaniu z gie\u0142dy (d\u0142u\u017cszej ni\u017c jeden miesi\u0105c) Najemca winien osobi\u015bcie zg\u0142osi\u0107 Kierownikowi Gie\u0142dy (zaniechanie tego spowoduje utrat\u0119 uprawnie\u0144 wynikaj\u0105cych z \u00a7 4 umowy).<\/p>\n<p>11. Czynsze okre\u015blone w umowach najmu uwzgl\u0119dniaj\u0105 do 14- tu gie\u0142d w miesi\u0105cu.<\/p>\n<p>12. W czasie gie\u0142dy zabrania si\u0119 wjazdu na plac samochod\u00f3w o \u0142adowno\u015bci powy\u017cej 3 ton z dostaw\u0105 towar\u00f3w (zaopatrzenie).<\/p>\n<p>III. Przepisy dotycz\u0105ce tylko Klient\u00f3w<\/p>\n<p>1. Klienci mog\u0105 wje\u017cd\u017ca\u0107 na plac gie\u0142dy wy\u0142\u0105cznie bramami 1 i 3 (od ul. Radomskiej).<\/p>\n<p>2. Elektroniczny system wjazd\u00f3w w czasie gie\u0142dy jest wy\u0142\u0105czany o godz. 7.00 co oznacza, \u017ce od tej godziny do ko\u0144ca gie\u0142dy wjazd na plac jest wolny.<\/p>\n<p>3. Klient, kt\u00f3ry nie dysponuje kart\u0105, przed godzin\u0105 7.00 mo\u017ce wjecha\u0107 na plac gie\u0142dy wy\u0142\u0105cznie bram\u0105 nr 1 po dokonaniu jednorazowej op\u0142aty.<\/p>\n<p>Zarz\u0105d<br>Wojew\u00f3dzkiej Sp\u00f3\u0142dzielni Ogrodniczo-Pszczelarskiej z siedzib\u0105 w Cz\u0119stochowie<\/p><p><span style=\"background-color: transparent; color: var(--global-palette4); font-family: var(--global-body-font-family); letter-spacing: 0px;\">Regulamin zosta\u0142 zatwierdzony po konsultacji ze Stowarzyszeniem Ogrodnik\u00f3w i Kupc\u00f3w prowadz\u0105cych dzia\u0142alno\u015b\u0107 na Gie\u0142dzie Kwiat\u00f3w i obowi\u0105zuje z dniem 1 stycznia 2009 r. Zmiany regulaminu zosta\u0142y wprowadzone po konsultacji ze Stowarzyszeniem i obowi\u0105zuj\u0105 od 1 lutego 2013<\/span><\/p>\t\t\t\t\t\t\t\t<\/div>\n\t\t\t\t<\/div>\n\t\t\t\t\t<\/div>\n\t\t<\/div>\n\t\t\t\t\t<\/div>\n\t\t<\/section>\n\t\t\t\t<\/div>\n\t\t","protected":false},"excerpt":{"rendered":"<p>1. Ka\u017cdy sprzedawca, kt\u00f3ry um\u00f3wi\u0142 si\u0119 z w\u0142a\u015bcicielem na korzystanie z placu gie\u0142dy (zawar\u0142 umow\u0119 najmu lub -w przypadku sprzedawc\u00f3w sezonowych \u2013 zap\u0142aci\u0142 faktur\u0119 VAT) zobowi\u0105zany jest do zakupu od w\u0142a\u015bciciela elektronicznej karty wjazdu. 2. Zapora wjazdowa (szlaban) jest uruchamiana kart\u0105. 3. Karta umo\u017cliwia wjazd na plac gie\u0142dy w okresie za kt\u00f3ry dokonano op\u0142aty. 4&#8230;.<\/p>\n","protected":false},"author":2,"featured_media":0,"parent":0,"menu_order":0,"comment_status":"closed","ping_status":"closed","template":"","meta":{"_kad_post_transparent":"","_kad_post_title":"hide","_kad_post_layout":"fullwidth","_kad_post_sidebar_id":"","_kad_post_content_style":"unboxed","_kad_post_vertical_padding":"hide","_kad_post_feature":"hide","_kad_post_feature_position":"","_kad_post_header":false,"_kad_post_footer":false,"footnotes":""},"class_list":["post-374","page","type-page","status-publish","hentry"],"_links":{"self":[{"href":"https:\/\/wsop.com.pl\/index.php\/wp-json\/wp\/v2\/pages\/374","targetHints":{"allow":["GET"]}}],"collection":[{"href":"https:\/\/wsop.com.pl\/index.php\/wp-json\/wp\/v2\/pages"}],"about":[{"href":"https:\/\/wsop.com.pl\/index.php\/wp-json\/wp\/v2\/types\/page"}],"author":[{"embeddable":true,"href":"https:\/\/wsop.com.pl\/index.php\/wp-json\/wp\/v2\/users\/2"}],"replies":[{"embeddable":true,"href":"https:\/\/wsop.com.pl\/index.php\/wp-json\/wp\/v2\/comments?post=374"}],"version-history":[{"count":11,"href":"https:\/\/wsop.com.pl\/index.php\/wp-json\/wp\/v2\/pages\/374\/revisions"}],"predecessor-version":[{"id":1014,"href":"https:\/\/wsop.com.pl\/index.php\/wp-json\/wp\/v2\/pages\/374\/revisions\/1014"}],"wp:attachment":[{"href":"https:\/\/wsop.com.pl\/index.php\/wp-json\/wp\/v2\/media?parent=374"}],"curies":[{"name":"wp","href":"https:\/\/api.w.org\/{rel}","templated":true}]}}